{"id":13,"date":"2019-05-21T06:04:35","date_gmt":"2019-05-21T04:04:35","guid":{"rendered":"https:\/\/bergzone3.ch\/?page_id=13"},"modified":"2026-02-14T18:13:33","modified_gmt":"2026-02-14T16:13:33","slug":"fleisch","status":"publish","type":"page","link":"https:\/\/bergzone3.ch\/index.php\/fleisch\/","title":{"rendered":"Fleisch"},"content":{"rendered":"\n<p>Wir verkaufen Rindfleisch aus unserer Mutterkuhhaltung. Unsere Jungtiere ern\u00e4hren sich bis sie ca. 10 Monate alt sind von Muttermilch, Heu und Gras von unseren Wiesen und Weiden. Unser Ziel ist, nachhaltig und naturnah Fleisch zu produzieren. Aus diesem Grund verzichten wir auf die Zuf\u00fctterung von Kraftfutter. <\/p>\n\n\n\n<p>Antibiotika verabreichen wir nur in Notf\u00e4llen und nur in Zusammenarbeit mit unserem Tierarzt.<\/p>\n\n\n\n<p>Das Fleisch wird vom Metzger unseres Vertrauens in der Region verarbeitet, in 2-er Portionen vakuumverpackt und etikettiert. Das Fleisch kann in Frutigen abgeholt, oder nach Absprache, von uns geliefert werden.<\/p>\n\n\n\n<p>Wir verkaufen ein ganzes Rind, Einzelst\u00fccke oder Mischpackete in gew\u00fcnschten Gr\u00f6\u00dfen. Ein Mischpaket beinhaltet von allen Fleischst\u00fccken, im Verh\u00e4ltnis wie sie im Rind enthalten sind:<\/p>\n\n\n\n<p>Entrec\u00f4te, Pl\u00e4tzli \u00e0 la Minute, Saftpl\u00e4tzli, Ragout, Hackfleisch, Steak, Haxe, Braten, Geschnetzeltes und Filet (ab 15 kg).<\/p>\n\n\n\n<p>Mischpakete und Einzelst\u00fccke verkaufen wir ab 5 kg pro Bestellung.<\/p>\n\n\n\n<p><a href=\"https:\/\/bergzone3.ch\/index.php\/bestellen-2\/\">Bestellen Sie hier regionales, nat\u00fcrliches Jungrindfleisch<\/a><\/p>\n","protected":false},"excerpt":{"rendered":"<p>Wir verkaufen Rindfleisch aus unserer Mutterkuhhaltung. Unsere Jungtiere ern\u00e4hren sich bis sie ca. 10 Monate alt sind von Muttermilch, Heu und Gras von unseren Wiesen und Weiden. Unser Ziel ist, nachhaltig und naturnah Fleisch zu produzieren. Aus diesem Grund verzichten wir auf die Zuf\u00fctterung von Kraftfutter. Antibiotika verabreichen wir nur in Notf\u00e4llen und nur in &#8230; <a title=\"Fleisch\" class=\"read-more\" href=\"https:\/\/bergzone3.ch\/index.php\/fleisch\/\" aria-label=\"Mehr Informationen \u00fcber Fleisch\">Weiterlesen<\/a><\/p>\n","protected":false},"author":1,"featured_media":0,"parent":0,"menu_order":0,"comment_status":"closed","ping_status":"closed","template":"","meta":{"footnotes":""},"class_list":["post-13","page","type-page","status-publish"],"_links":{"self":[{"href":"https:\/\/bergzone3.ch\/index.php\/wp-json\/wp\/v2\/pages\/13","targetHints":{"allow":["GET"]}}],"collection":[{"href":"https:\/\/bergzone3.ch\/index.php\/wp-json\/wp\/v2\/pages"}],"about":[{"href":"https:\/\/bergzone3.ch\/index.php\/wp-json\/wp\/v2\/types\/page"}],"author":[{"embeddable":true,"href":"https:\/\/bergzone3.ch\/index.php\/wp-json\/wp\/v2\/users\/1"}],"replies":[{"embeddable":true,"href":"https:\/\/bergzone3.ch\/index.php\/wp-json\/wp\/v2\/comments?post=13"}],"version-history":[{"count":27,"href":"https:\/\/bergzone3.ch\/index.php\/wp-json\/wp\/v2\/pages\/13\/revisions"}],"predecessor-version":[{"id":440,"href":"https:\/\/bergzone3.ch\/index.php\/wp-json\/wp\/v2\/pages\/13\/revisions\/440"}],"wp:attachment":[{"href":"https:\/\/bergzone3.ch\/index.php\/wp-json\/wp\/v2\/media?parent=13"}],"curies":[{"name":"wp","href":"https:\/\/api.w.org\/{rel}","templated":true}]}}