{"id":2,"date":"2019-05-11T10:22:32","date_gmt":"2019-05-11T10:22:32","guid":{"rendered":"https:\/\/bergzone3.ch\/?page_id=2"},"modified":"2025-08-02T08:20:29","modified_gmt":"2025-08-02T06:20:29","slug":"sample-page","status":"publish","type":"page","link":"https:\/\/bergzone3.ch\/","title":{"rendered":""},"content":{"rendered":"\n<p>Herzlich Willkommen auf unserer Homepage<\/p>\n\n\n\n<p>Wir bewirtschaften einen landwirtschaftlichen Familienbetrieb in Achseten, im sch\u00f6nen Engstligtal.<\/p>\n\n\n\n<p>Die bewirtschafteten Fl\u00e4chen liegen zwischen 1200 \u2013 1430 M.\u00fc.M, in der Bergzone 3.\u00a0 Wir halten Mutterk\u00fche der Rassen Simmental und Grauvieh. Im Fr\u00fchling und Herbst sind die Tiere, sobald gen\u00fcgend Futter vorhanden ist, auf unseren Wiesen und Weiden. Im Sommer suchen sie Ihr Futter selbstst\u00e4ndig auf der Alp. Wenn die Vegetation im Winter ihre wohlverdiente Pause macht, verf\u00fcttern wir den Tieren Heu und Grassilage, welche wir w\u00e4hrend dem Sommer auf unseren Fl\u00e4chen und H\u00e4ngen geerntet haben.<\/p>\n\n\n\n<p>Wir erf\u00fcllen die Richtlinien f\u00fcr den \u00d6kologischen Leistungsnachweis, die Graslandbasierte Fleischproduktion und f\u00fcr das Label IP-Suisse. <\/p>\n\n\n<div id=\"metaslider-id-160\" style=\"width: 100%; margin: 0 auto;\" class=\"ml-slider-3-107-0 metaslider metaslider-flex metaslider-160 ml-slider ms-theme-simply-dark nav-hidden\" role=\"region\" aria-label=\"New Slideshow\" data-height=\"300\" data-width=\"400\">\n    <div id=\"metaslider_container_160\">\n        <div id=\"metaslider_160\">\n            <ul class='slides'>\n                <li style=\"display: block; width: 100%;\" class=\"slide-231 ms-image \" aria-roledescription=\"slide\" data-date=\"2019-07-10 06:35:16\" data-filename=\"P1070642UP.jpg\" data-slide-type=\"image\"><img loading=\"lazy\" decoding=\"async\" width=\"463\" height=\"617\" src=\"https:\/\/bergzone3.ch\/wp-content\/uploads\/2019\/12\/P1070642UP.jpg\" class=\"slider-160 slide-231 msDefaultImage\" alt=\"\" rel=\"\" title=\"P1070642UP\" srcset=\"https:\/\/bergzone3.ch\/wp-content\/uploads\/2019\/12\/P1070642UP.jpg 463w, https:\/\/bergzone3.ch\/wp-content\/uploads\/2019\/12\/P1070642UP-225x300.jpg 225w\" sizes=\"auto, (max-width: 463px) 100vw, 463px\" \/><\/li>\n                <li style=\"display: none; width: 100%;\" class=\"slide-230 ms-image \" aria-roledescription=\"slide\" data-date=\"2019-07-10 06:35:16\" data-filename=\"UNADJUSTEDNONRAW_thumb_85a9.jpg\" data-slide-type=\"image\"><img loading=\"lazy\" decoding=\"async\" width=\"768\" height=\"1024\" src=\"https:\/\/bergzone3.ch\/wp-content\/uploads\/2019\/07\/UNADJUSTEDNONRAW_thumb_85a9.jpg\" class=\"slider-160 slide-230 msDefaultImage\" alt=\"\" rel=\"\" title=\"UNADJUSTEDNONRAW_thumb_85a9\" srcset=\"https:\/\/bergzone3.ch\/wp-content\/uploads\/2019\/07\/UNADJUSTEDNONRAW_thumb_85a9.jpg 768w, https:\/\/bergzone3.ch\/wp-content\/uploads\/2019\/07\/UNADJUSTEDNONRAW_thumb_85a9-225x300.jpg 225w\" sizes=\"auto, (max-width: 768px) 100vw, 768px\" \/><\/li>\n                <li style=\"display: none; width: 100%;\" class=\"slide-421 ms-image \" aria-roledescription=\"slide\" data-date=\"2024-02-23 22:01:23\" data-filename=\"IMG_3623-3.jpeg\" data-slide-type=\"image\"><img loading=\"lazy\" decoding=\"async\" width=\"1920\" height=\"2560\" src=\"https:\/\/bergzone3.ch\/wp-content\/uploads\/2024\/02\/IMG_3623-3.jpeg\" class=\"slider-160 slide-421 msDefaultImage\" alt=\"\" rel=\"\" title=\"IMG_3623\" srcset=\"https:\/\/bergzone3.ch\/wp-content\/uploads\/2024\/02\/IMG_3623-3.jpeg 1920w, https:\/\/bergzone3.ch\/wp-content\/uploads\/2024\/02\/IMG_3623-3-225x300.jpeg 225w, https:\/\/bergzone3.ch\/wp-content\/uploads\/2024\/02\/IMG_3623-3-768x1024.jpeg 768w, https:\/\/bergzone3.ch\/wp-content\/uploads\/2024\/02\/IMG_3623-3-1152x1536.jpeg 1152w, https:\/\/bergzone3.ch\/wp-content\/uploads\/2024\/02\/IMG_3623-3-1536x2048.jpeg 1536w, https:\/\/bergzone3.ch\/wp-content\/uploads\/2024\/02\/IMG_3623-3-400x533.jpeg 400w\" sizes=\"auto, (max-width: 1920px) 100vw, 1920px\" \/><\/li>\n                <li style=\"display: none; width: 100%;\" class=\"slide-164 ms-image \" aria-roledescription=\"slide\" data-date=\"2019-06-05 20:27:18\" data-filename=\"IMG_4104UP.jpg\" data-slide-type=\"image\"><img loading=\"lazy\" decoding=\"async\" width=\"371\" height=\"493\" src=\"https:\/\/bergzone3.ch\/wp-content\/uploads\/2019\/12\/IMG_4104UP.jpg\" class=\"slider-160 slide-164 msDefaultImage\" alt=\"\" rel=\"\" title=\"IMG_4104UP\" srcset=\"https:\/\/bergzone3.ch\/wp-content\/uploads\/2019\/12\/IMG_4104UP.jpg 371w, https:\/\/bergzone3.ch\/wp-content\/uploads\/2019\/12\/IMG_4104UP-226x300.jpg 226w\" sizes=\"auto, (max-width: 371px) 100vw, 371px\" \/><\/li>\n                <li style=\"display: none; width: 100%;\" class=\"slide-202 ms-image \" aria-roledescription=\"slide\" data-date=\"2019-07-04 22:48:37\" data-filename=\"UNADJUSTEDNONRAW_thumb_82b8.jpg\" data-slide-type=\"image\"><img loading=\"lazy\" decoding=\"async\" width=\"769\" height=\"1024\" src=\"https:\/\/bergzone3.ch\/wp-content\/uploads\/2019\/06\/UNADJUSTEDNONRAW_thumb_82b8.jpg\" class=\"slider-160 slide-202 msDefaultImage\" alt=\"\" rel=\"\" title=\"UNADJUSTEDNONRAW_thumb_82b8\" srcset=\"https:\/\/bergzone3.ch\/wp-content\/uploads\/2019\/06\/UNADJUSTEDNONRAW_thumb_82b8.jpg 769w, https:\/\/bergzone3.ch\/wp-content\/uploads\/2019\/06\/UNADJUSTEDNONRAW_thumb_82b8-225x300.jpg 225w, https:\/\/bergzone3.ch\/wp-content\/uploads\/2019\/06\/UNADJUSTEDNONRAW_thumb_82b8-768x1023.jpg 768w\" sizes=\"auto, (max-width: 769px) 100vw, 769px\" \/><\/li>\n                <li style=\"display: none; width: 100%;\" class=\"slide-232 ms-image \" aria-roledescription=\"slide\" data-date=\"2019-07-10 06:35:16\" data-filename=\"P1070639UP.jpg\" data-slide-type=\"image\"><img loading=\"lazy\" decoding=\"async\" width=\"617\" height=\"463\" src=\"https:\/\/bergzone3.ch\/wp-content\/uploads\/2019\/12\/P1070639UP.jpg\" class=\"slider-160 slide-232 msDefaultImage\" alt=\"\" rel=\"\" title=\"P1070639UP\" srcset=\"https:\/\/bergzone3.ch\/wp-content\/uploads\/2019\/12\/P1070639UP.jpg 617w, https:\/\/bergzone3.ch\/wp-content\/uploads\/2019\/12\/P1070639UP-300x225.jpg 300w\" sizes=\"auto, (max-width: 617px) 100vw, 617px\" \/><\/li>\n                <li style=\"display: none; width: 100%;\" class=\"slide-234 ms-image \" aria-roledescription=\"slide\" data-date=\"2019-07-10 06:35:16\" data-filename=\"IMG_5181UP.jpeg\" data-slide-type=\"image\"><img loading=\"lazy\" decoding=\"async\" width=\"653\" height=\"490\" src=\"https:\/\/bergzone3.ch\/wp-content\/uploads\/2019\/12\/IMG_5181UP.jpeg\" class=\"slider-160 slide-234 msDefaultImage\" alt=\"\" rel=\"\" title=\"IMG_5181UP\" srcset=\"https:\/\/bergzone3.ch\/wp-content\/uploads\/2019\/12\/IMG_5181UP.jpeg 653w, https:\/\/bergzone3.ch\/wp-content\/uploads\/2019\/12\/IMG_5181UP-300x225.jpeg 300w\" sizes=\"auto, (max-width: 653px) 100vw, 653px\" \/><\/li>\n                <li style=\"display: none; width: 100%;\" class=\"slide-163 ms-image \" aria-roledescription=\"slide\" data-date=\"2019-06-05 20:27:09\" data-filename=\"IMG_4155UP.jpeg\" data-slide-type=\"image\"><img loading=\"lazy\" decoding=\"async\" width=\"490\" height=\"367\" src=\"https:\/\/bergzone3.ch\/wp-content\/uploads\/2019\/12\/IMG_4155UP.jpeg\" class=\"slider-160 slide-163 msDefaultImage\" alt=\"\" rel=\"\" title=\"IMG_4155UP\" srcset=\"https:\/\/bergzone3.ch\/wp-content\/uploads\/2019\/12\/IMG_4155UP.jpeg 490w, https:\/\/bergzone3.ch\/wp-content\/uploads\/2019\/12\/IMG_4155UP-300x225.jpeg 300w\" sizes=\"auto, (max-width: 490px) 100vw, 490px\" \/><\/li>\n                <li style=\"display: none; width: 100%;\" class=\"slide-420 ms-image \" aria-roledescription=\"slide\" data-date=\"2024-02-23 22:01:23\" data-filename=\"AAF408B2-B583-44D8-9CA8-F96A2EC50868.jpg\" data-slide-type=\"image\"><img loading=\"lazy\" decoding=\"async\" width=\"640\" height=\"800\" src=\"https:\/\/bergzone3.ch\/wp-content\/uploads\/2024\/02\/AAF408B2-B583-44D8-9CA8-F96A2EC50868.jpg\" class=\"slider-160 slide-420 msDefaultImage\" alt=\"\" rel=\"\" title=\"AAF408B2-B583-44D8-9CA8-F96A2EC50868\" srcset=\"https:\/\/bergzone3.ch\/wp-content\/uploads\/2024\/02\/AAF408B2-B583-44D8-9CA8-F96A2EC50868.jpg 640w, https:\/\/bergzone3.ch\/wp-content\/uploads\/2024\/02\/AAF408B2-B583-44D8-9CA8-F96A2EC50868-240x300.jpg 240w, https:\/\/bergzone3.ch\/wp-content\/uploads\/2024\/02\/AAF408B2-B583-44D8-9CA8-F96A2EC50868-400x500.jpg 400w\" sizes=\"auto, (max-width: 640px) 100vw, 640px\" \/><\/li>\n                <li style=\"display: none; width: 100%;\" class=\"slide-233 ms-image \" aria-roledescription=\"slide\" data-date=\"2019-07-10 06:35:16\" data-filename=\"IMG_5148UP.jpeg\" data-slide-type=\"image\"><img loading=\"lazy\" decoding=\"async\" width=\"490\" height=\"653\" src=\"https:\/\/bergzone3.ch\/wp-content\/uploads\/2019\/12\/IMG_5148UP.jpeg\" class=\"slider-160 slide-233 msDefaultImage\" alt=\"\" rel=\"\" title=\"IMG_5148UP\" srcset=\"https:\/\/bergzone3.ch\/wp-content\/uploads\/2019\/12\/IMG_5148UP.jpeg 490w, https:\/\/bergzone3.ch\/wp-content\/uploads\/2019\/12\/IMG_5148UP-225x300.jpeg 225w\" sizes=\"auto, (max-width: 490px) 100vw, 490px\" \/><\/li>\n                <li style=\"display: none; width: 100%;\" class=\"slide-161 ms-image \" aria-roledescription=\"slide\" data-date=\"2019-06-05 20:25:23\" data-filename=\"IMG_4926-UP.jpeg\" data-slide-type=\"image\"><img loading=\"lazy\" decoding=\"async\" width=\"545\" height=\"461\" src=\"https:\/\/bergzone3.ch\/wp-content\/uploads\/2019\/12\/IMG_4926-UP.jpeg\" class=\"slider-160 slide-161 msDefaultImage\" alt=\"\" rel=\"\" title=\"IMG_4926 UP\" srcset=\"https:\/\/bergzone3.ch\/wp-content\/uploads\/2019\/12\/IMG_4926-UP.jpeg 545w, https:\/\/bergzone3.ch\/wp-content\/uploads\/2019\/12\/IMG_4926-UP-300x254.jpeg 300w\" sizes=\"auto, (max-width: 545px) 100vw, 545px\" \/><\/li>\n                <li style=\"display: none; width: 100%;\" class=\"slide-203 ms-image \" aria-roledescription=\"slide\" data-date=\"2019-07-04 22:48:49\" data-filename=\"IMG_4981UP.jpeg\" data-slide-type=\"image\"><img loading=\"lazy\" decoding=\"async\" width=\"653\" height=\"490\" src=\"https:\/\/bergzone3.ch\/wp-content\/uploads\/2019\/12\/IMG_4981UP.jpeg\" class=\"slider-160 slide-203 msDefaultImage\" alt=\"\" rel=\"\" title=\"IMG_4981UP\" srcset=\"https:\/\/bergzone3.ch\/wp-content\/uploads\/2019\/12\/IMG_4981UP.jpeg 653w, https:\/\/bergzone3.ch\/wp-content\/uploads\/2019\/12\/IMG_4981UP-300x225.jpeg 300w\" sizes=\"auto, (max-width: 653px) 100vw, 653px\" \/><\/li>\n                <li style=\"display: none; width: 100%;\" class=\"slide-162 ms-image \" aria-roledescription=\"slide\" data-date=\"2019-06-05 20:27:02\" data-filename=\"38490845_10217509066826466_3535606486677848064_o.jpg\" data-slide-type=\"image\"><img loading=\"lazy\" decoding=\"async\" width=\"720\" height=\"540\" src=\"https:\/\/bergzone3.ch\/wp-content\/uploads\/2019\/05\/38490845_10217509066826466_3535606486677848064_o.jpg\" class=\"slider-160 slide-162 msDefaultImage\" alt=\"\" rel=\"\" title=\"38490845_10217509066826466_3535606486677848064_o\" srcset=\"https:\/\/bergzone3.ch\/wp-content\/uploads\/2019\/05\/38490845_10217509066826466_3535606486677848064_o.jpg 720w, https:\/\/bergzone3.ch\/wp-content\/uploads\/2019\/05\/38490845_10217509066826466_3535606486677848064_o-300x225.jpg 300w\" sizes=\"auto, (max-width: 720px) 100vw, 720px\" \/><\/li>\n            <\/ul>\n        <\/div>\n        \n    <\/div>\n<\/div>\n","protected":false},"excerpt":{"rendered":"<p>Herzlich Willkommen auf unserer Homepage Wir bewirtschaften einen landwirtschaftlichen Familienbetrieb in Achseten, im sch\u00f6nen Engstligtal. Die bewirtschafteten Fl\u00e4chen liegen zwischen 1200 \u2013 1430 M.\u00fc.M, in der Bergzone 3.\u00a0 Wir halten Mutterk\u00fche der Rassen Simmental und Grauvieh. Im Fr\u00fchling und Herbst sind die Tiere, sobald gen\u00fcgend Futter vorhanden ist, auf unseren Wiesen und Weiden. Im Sommer &#8230; <a title=\"\" class=\"read-more\" href=\"https:\/\/bergzone3.ch\/\" aria-label=\"Mehr Informationen \u00fcber \">Weiterlesen<\/a><\/p>\n","protected":false},"author":1,"featured_media":68,"parent":0,"menu_order":0,"comment_status":"closed","ping_status":"closed","template":"","meta":{"footnotes":""},"class_list":["post-2","page","type-page","status-publish","has-post-thumbnail"],"_links":{"self":[{"href":"https:\/\/bergzone3.ch\/index.php\/wp-json\/wp\/v2\/pages\/2","targetHints":{"allow":["GET"]}}],"collection":[{"href":"https:\/\/bergzone3.ch\/index.php\/wp-json\/wp\/v2\/pages"}],"about":[{"href":"https:\/\/bergzone3.ch\/index.php\/wp-json\/wp\/v2\/types\/page"}],"author":[{"embeddable":true,"href":"https:\/\/bergzone3.ch\/index.php\/wp-json\/wp\/v2\/users\/1"}],"replies":[{"embeddable":true,"href":"https:\/\/bergzone3.ch\/index.php\/wp-json\/wp\/v2\/comments?post=2"}],"version-history":[{"count":12,"href":"https:\/\/bergzone3.ch\/index.php\/wp-json\/wp\/v2\/pages\/2\/revisions"}],"predecessor-version":[{"id":434,"href":"https:\/\/bergzone3.ch\/index.php\/wp-json\/wp\/v2\/pages\/2\/revisions\/434"}],"wp:featuredmedia":[{"embeddable":true,"href":"https:\/\/bergzone3.ch\/index.php\/wp-json\/wp\/v2\/media\/68"}],"wp:attachment":[{"href":"https:\/\/bergzone3.ch\/index.php\/wp-json\/wp\/v2\/media?parent=2"}],"curies":[{"name":"wp","href":"https:\/\/api.w.org\/{rel}","templated":true}]}}